{"id":1783,"date":"2019-07-12T11:46:26","date_gmt":"2019-07-12T09:46:26","guid":{"rendered":"https:\/\/klinet.es\/como-trabajamos\/"},"modified":"2020-05-18T12:36:38","modified_gmt":"2020-05-18T10:36:38","slug":"como-trabajamos","status":"publish","type":"page","link":"https:\/\/klinet.es\/ca\/como-trabajamos\/","title":{"rendered":"Com treballem"},"content":{"rendered":"<div class=\"wpb-content-wrapper\"><p>[vc_row el_class=&#8221;margin-top-89&#8243;][vc_column][vc_column_text]<\/p>\n<div class=\"site-container\">\n<div class=\"theme-page\">\n<div class=\"clearfix\">\n<section class=\"vc_section\">\n<div class=\"vc_row wpb_row vc_row-fluid\">\n<div class=\"wpb_column vc_column_container vc_col-sm-12\">\n<div class=\"wpb_wrapper\">\n<div class=\"wpb_text_column wpb_content_element \">\n<div class=\"wpb_wrapper\">\n<p><em>A<\/em> <strong style=\"color: #56b665;\">Klinet<\/strong> <em>utilitzem un sistema de neteja artesanal, individualitzat i personalitzat a cada necessitat i qualitat de la seva catifa, que li donaran una conservaci\u00f3 i durabilitat major a les seves catifes. Comptem amb un equip consolidat i amb \u00e0mplia experi\u00e8ncia en la neteja de catifes, en especial en les catifes orientals i kilims. <strong>M\u00e9s de 45 anys en el sector ens avalen<\/strong>.<\/em><\/p>\n<\/div>\n<\/div>\n<\/div>\n<\/div>\n<\/div>\n<\/section>\n<\/div>\n<\/div>\n<\/div>\n<p>[\/vc_column_text][vc_empty_space][\/vc_column][\/vc_row][vc_row][vc_column width=&#8221;1\/2&#8243;][vc_text_separator title=&#8221;Espolsat&#8221; title_align=&#8221;separator_align_left&#8221; color=&#8221;green&#8221;][vc_column_text]Despr\u00e9s de recollides al seu domicili, les seves catifes passen per un intens proc\u00e9s de desempolsat per vibraci\u00f3 i aspiraci\u00f3.[\/vc_column_text][\/vc_column][vc_column width=&#8221;1\/2&#8243;][vc_single_image image=&#8221;1610&#8243; img_size=&#8221;large&#8221;][vc_empty_space][\/vc_column][\/vc_row][vc_row][vc_column width=&#8221;1\/2&#8243;][vc_single_image image=&#8221;1611&#8243; img_size=&#8221;large&#8221; alignment=&#8221;right&#8221;][vc_empty_space][\/vc_column][vc_column width=&#8221;1\/2&#8243;][vc_text_separator title=&#8221;Classificaci\u00f3 i neteja&#8221; title_align=&#8221;separator_align_left&#8221; color=&#8221;green&#8221;][vc_column_text]Un cop desempolsades, s\u00f3n classificades segons la qualitat i teixit a tractar. Despr\u00e9s, s\u00f3n rentades en sec, semi-sec, o mullat, segons les seves caracter\u00edstiques. Al finalitzar el centrifugat, passaran per un delicat pentinat manual i un primer control de qualitat.[\/vc_column_text][\/vc_column][\/vc_row][vc_row][vc_column width=&#8221;1\/2&#8243;][vc_text_separator title=&#8221;Assecat&#8221; title_align=&#8221;separator_align_left&#8221; color=&#8221;green&#8221;][vc_column_text]El t\u00fanel d&#8217;assecat i segon control de qualitat, seran els \u00faltims processos abans de ser embalades.[\/vc_column_text][\/vc_column][vc_column width=&#8221;1\/2&#8243;][vc_single_image image=&#8221;1477&#8243; img_size=&#8221;large&#8221;][vc_empty_space][\/vc_column][\/vc_row]<\/p>\n<\/div>","protected":false},"excerpt":{"rendered":"<p>[vc_row el_class=&#8221;margin-top-89&#8243;][vc_column][vc_column_text] A Klinet utilitzem un sistema de neteja artesanal, individualitzat i personalitzat a cada necessitat i qualitat de la seva catifa, que li donaran una conservaci\u00f3 i durabilitat major a les seves catifes. Comptem amb un equip consolidat i amb \u00e0mplia experi\u00e8ncia en la neteja de catifes, en especial en les catifes orientals i<\/p>\n","protected":false},"author":1,"featured_media":0,"parent":0,"menu_order":0,"comment_status":"closed","ping_status":"closed","template":"","meta":{"_joinchat":[],"footnotes":""},"class_list":["post-1783","page","type-page","status-publish","hentry"],"_links":{"self":[{"href":"https:\/\/klinet.es\/ca\/wp-json\/wp\/v2\/pages\/1783"}],"collection":[{"href":"https:\/\/klinet.es\/ca\/wp-json\/wp\/v2\/pages"}],"about":[{"href":"https:\/\/klinet.es\/ca\/wp-json\/wp\/v2\/types\/page"}],"author":[{"embeddable":true,"href":"https:\/\/klinet.es\/ca\/wp-json\/wp\/v2\/users\/1"}],"replies":[{"embeddable":true,"href":"https:\/\/klinet.es\/ca\/wp-json\/wp\/v2\/comments?post=1783"}],"version-history":[{"count":4,"href":"https:\/\/klinet.es\/ca\/wp-json\/wp\/v2\/pages\/1783\/revisions"}],"predecessor-version":[{"id":1788,"href":"https:\/\/klinet.es\/ca\/wp-json\/wp\/v2\/pages\/1783\/revisions\/1788"}],"wp:attachment":[{"href":"https:\/\/klinet.es\/ca\/wp-json\/wp\/v2\/media?parent=1783"}],"curies":[{"name":"wp","href":"https:\/\/api.w.org\/{rel}","templated":true}]}}