{"id":1789,"date":"2017-08-31T09:38:05","date_gmt":"2017-08-31T09:38:05","guid":{"rendered":"https:\/\/klinet.es\/home\/"},"modified":"2020-05-18T12:55:13","modified_gmt":"2020-05-18T10:55:13","slug":"home","status":"publish","type":"page","link":"https:\/\/klinet.es\/ca\/","title":{"rendered":"Home"},"content":{"rendered":"<div class=\"wpb-content-wrapper\"><p>[vc_row el_class=&#8221;padding-top-89 padding-bottom-96&#8243; css=&#8221;.vc_custom_1573744827738{background-color: #ffffff !important;}&#8221;][vc_column][vc_row_inner][vc_column_inner]<h2 class=\"box-header\">Serveis<\/h2>[vc_column_text el_class=&#8221;description align-center white&#8221;]<em>Conservi les seves catifes en perfectes condicions per a que llueixin com noves<\/em>[\/vc_column_text][\/vc_column_inner][\/vc_row_inner][\/vc_column][\/vc_row][vc_row][vc_column width=&#8221;1\/4&#8243;]<ul class=\"services-list clearfix\"><li class=\"vc_row wpb_row vc_row-fluid\"><ul><li><a href=\"https:\/\/klinet.es\/servicios\/limpieza\/\" title=\"Limpieza\"><img loading=\"lazy\" decoding=\"async\" width=\"480\" height=\"320\" src=\"https:\/\/klinet.es\/wp-content\/uploads\/2019\/10\/IMG_1588-480x320.jpg\" class=\"attachment-medium-thumb size-medium-thumb wp-post-image\" alt=\"Limpieza\" title=\"\" srcset=\"https:\/\/klinet.es\/wp-content\/uploads\/2019\/10\/IMG_1588-480x320.jpg 480w, https:\/\/klinet.es\/wp-content\/uploads\/2019\/10\/IMG_1588-370x246.jpg 370w\" sizes=\"(max-width: 480px) 100vw, 480px\" \/><\/a><h4 class=\"box-header\"><a href=\"https:\/\/klinet.es\/servicios\/limpieza\/\" title=\"Limpieza\">Limpieza<\/a><\/h4><p>En Klinet utilizamos un sistema de limpieza artesanal, ajustado a cada necesidad.<\/p>\n<\/li><\/ul><\/li><\/ul>[\/vc_column][vc_column width=&#8221;1\/4&#8243;]<ul class=\"services-list clearfix\"><li class=\"vc_row wpb_row vc_row-fluid\"><ul><li><a href=\"https:\/\/klinet.es\/servicios\/almacenamiento\/\" title=\"Almacenamiento\"><img loading=\"lazy\" decoding=\"async\" width=\"480\" height=\"320\" src=\"https:\/\/klinet.es\/wp-content\/uploads\/2019\/07\/IMG_1609-480x320.jpg\" class=\"attachment-medium-thumb size-medium-thumb wp-post-image\" alt=\"Almacenamiento\" title=\"\" srcset=\"https:\/\/klinet.es\/wp-content\/uploads\/2019\/07\/IMG_1609-480x320.jpg 480w, https:\/\/klinet.es\/wp-content\/uploads\/2019\/07\/IMG_1609-300x200.jpg 300w, https:\/\/klinet.es\/wp-content\/uploads\/2019\/07\/IMG_1609-768x512.jpg 768w, https:\/\/klinet.es\/wp-content\/uploads\/2019\/07\/IMG_1609-1024x683.jpg 1024w, https:\/\/klinet.es\/wp-content\/uploads\/2019\/07\/IMG_1609-370x246.jpg 370w\" sizes=\"(max-width: 480px) 100vw, 480px\" \/><\/a><h4 class=\"box-header\"><a href=\"https:\/\/klinet.es\/servicios\/almacenamiento\/\" title=\"Almacenamiento\">Almacenamiento<\/a><\/h4><p>Guardamos sus alfombras el tiempo que necesite.<\/p>\n<\/li><\/ul><\/li><\/ul>[\/vc_column][vc_column width=&#8221;1\/4&#8243;]<ul class=\"services-list clearfix\"><li class=\"vc_row wpb_row vc_row-fluid\"><ul><li><a href=\"https:\/\/klinet.es\/servicios\/recogida-y-entrega-a-domicilio\/\" title=\"Recogida y entrega a domicilio\"><img loading=\"lazy\" decoding=\"async\" width=\"480\" height=\"320\" src=\"https:\/\/klinet.es\/wp-content\/uploads\/2019\/07\/IMG_1733-480x320.jpg\" class=\"attachment-medium-thumb size-medium-thumb wp-post-image\" alt=\"Recogida y entrega a domicilio\" title=\"\" srcset=\"https:\/\/klinet.es\/wp-content\/uploads\/2019\/07\/IMG_1733-480x320.jpg 480w, https:\/\/klinet.es\/wp-content\/uploads\/2019\/07\/IMG_1733-370x246.jpg 370w\" sizes=\"(max-width: 480px) 100vw, 480px\" \/><\/a><h4 class=\"box-header\"><a href=\"https:\/\/klinet.es\/servicios\/recogida-y-entrega-a-domicilio\/\" title=\"Recogida y entrega a domicilio\">Recogida y entrega a domicilio<\/a><\/h4><p>Servicio inmediato. Consulte los d\u00edas de reparto en su zona.<\/p>\n<\/li><\/ul><\/li><\/ul>[\/vc_column][vc_column width=&#8221;1\/4&#8243;]<ul class=\"services-list clearfix\"><li class=\"vc_row wpb_row vc_row-fluid\"><ul><li><a href=\"https:\/\/klinet.es\/ca\/servicios\/servicio-a-domicilio\/\" title=\"Servei a domicili\"><img loading=\"lazy\" decoding=\"async\" width=\"480\" height=\"320\" src=\"https:\/\/klinet.es\/wp-content\/uploads\/2019\/11\/IMG_1700-480x320.jpg\" class=\"attachment-medium-thumb size-medium-thumb wp-post-image\" alt=\"Servei a domicili\" title=\"\" srcset=\"https:\/\/klinet.es\/wp-content\/uploads\/2019\/11\/IMG_1700-480x320.jpg 480w, https:\/\/klinet.es\/wp-content\/uploads\/2019\/11\/IMG_1700-370x246.jpg 370w\" sizes=\"(max-width: 480px) 100vw, 480px\" \/><\/a><h4 class=\"box-header\"><a href=\"https:\/\/klinet.es\/ca\/servicios\/servicio-a-domicilio\/\" title=\"Servei a domicili\">Servei a domicili<\/a><\/h4><p>Ens desplacem al seu domicili per a la neteja de tot tipus de tapisseries.<\/p>\n<\/li><\/ul><\/li><\/ul>[\/vc_column][\/vc_row][vc_row css_animation=&#8221;none&#8221; css=&#8221;.vc_custom_1583498954704{background-color: #ffffff !important;}&#8221;][vc_column][vc_empty_space]<h2 class=\"box-header\">Com treballem<\/h2>[vc_column_text el_class=&#8221;description align-center&#8221;]Un sistema artesanal i exclusiu, amb la garantia de m\u00e9s de 45 anys d&#8217;experi\u00e8ncia[\/vc_column_text][vc_row_inner el_class=&#8221;iconos_home&#8221;][vc_column_inner width=&#8221;1\/4&#8243;]<div class=\"feature-item align-right margin-top-30 estilo_caja\"><div class=\"icon features-vacuum-cleaner\"><\/div><h4>Sacudida<\/h4><\/div><div class=\"feature-item align-right estilo_caja page-margin-top\"><div class=\"icon features-washing-machine\"><\/div><h4>Clasificaci\u00f3n y limpieza<\/h4><\/div><div class=\"feature-item align-right estilo_caja page-margin-top\"><div class=\"icon features-cloth\"><\/div><h4>Secado<\/h4><\/div>[\/vc_column_inner][vc_column_inner width=&#8221;1\/2&#8243;][vc_single_image image=&#8221;1429&#8243; img_size=&#8221;medium-square-thumb&#8221; alignment=&#8221;center&#8221; style=&#8221;vc_box_outline_circle_2&#8243; border_color=&#8221;white&#8221;][\/vc_column_inner][vc_column_inner width=&#8221;1\/4&#8243;]<div class=\"feature-item margin-top-30 estilo_caja\"><div class=\"icon features-recurring\"><\/div><h4>Control de calidad<\/h4><\/div><div class=\"feature-item estilo_caja page-margin-top\"><div class=\"icon features-box\"><\/div><h4>Embalaje<\/h4><\/div><div class=\"feature-item estilo_caja page-margin-top\"><div class=\"icon features-cupboard\"><\/div><h4>Conservaci\u00f3n<\/h4><\/div>[\/vc_column_inner][\/vc_row_inner][vc_empty_space][\/vc_column][\/vc_row][vc_row el_class=&#8221;align-center margin-top-65 padding-bottom-16&#8243;][vc_column]<a class=\"more\" href=\"https:\/\/klinet.es\/como-trabajamos\/\" title=\"M\u00e1s informaci\u00f3n\">M\u00e1s informaci\u00f3n<\/a>[vc_empty_space][\/vc_column][\/vc_row][vc_row top_margin=&#8221;page-margin-top-section&#8221;][vc_column width=&#8221;1\/2&#8243;][vc_row_inner][vc_column_inner width=&#8221;1\/2&#8243;][vc_single_image image=&#8221;1490&#8243; img_size=&#8221;medium-thumb&#8221; onclick=&#8221;img_link_large&#8221; el_class=&#8221;cm-lightbox&#8221;][vc_single_image image=&#8221;1491&#8243; img_size=&#8221;medium-thumb&#8221; onclick=&#8221;img_link_large&#8221; el_class=&#8221;cm-lightbox margin-top-30&#8243;][\/vc_column_inner][vc_column_inner width=&#8221;1\/2&#8243;][vc_single_image image=&#8221;1408&#8243; img_size=&#8221;medium-rectangle-thumb&#8221; onclick=&#8221;img_link_large&#8221; el_class=&#8221;cm-lightbox&#8221;][\/vc_column_inner][\/vc_row_inner][\/vc_column][vc_column width=&#8221;1\/2&#8243;]<h2 class=\"box-header\">Sobre nosaltres<\/h2>[vc_column_text el_class=&#8221;align-center padding-0 margin-top-27 padding-left-right-35&#8243;]<\/p>\n<h5>Especialistas en limpieza de alfombras orientales y Kilims<\/h5>\n<p>[\/vc_column_text][vc_column_text el_class=&#8221;align-center padding-0 margin-top-27 padding-left-right-35&#8243;]Klinet neix l&#8217;any 1974 amb la finalitat de prestar servei de neteja de catifes i tot tipus de tapisseries. 45 anys despr\u00e9s, Klinet compta amb un equip consolidat i amb una \u00e0mplia experi\u00e8ncia en el sector de la neteja de catifes i tapisseries. Les nostres instal\u00b7lacions, de prop de 5.000 m<sup>2<\/sup>, tenen capacitat per a la neteja de 4.000 m<sup>2<\/sup> diaris.[\/vc_column_text][vc_row_inner top_margin=&#8221;page-margin-top&#8221; el_class=&#8221;align-center padding-bottom-16&#8243;][vc_column_inner]<a class=\"more\" href=\"http:\/\/klinet.es\/sobre-nosotros\/\" title=\"Leer m\u00e1s\">Leer m\u00e1s<\/a>[\/vc_column_inner][\/vc_row_inner][\/vc_column][\/vc_row][vc_row][vc_column][vc_empty_space][\/vc_column][\/vc_row]<\/p>\n<\/div>","protected":false},"excerpt":{"rendered":"<p>[vc_row el_class=&#8221;padding-top-89 padding-bottom-96&#8243; css=&#8221;.vc_custom_1573744827738{background-color: #ffffff !important;}&#8221;][vc_column][vc_row_inner][vc_column_inner][vc_column_text el_class=&#8221;description align-center white&#8221;]Conservi les seves catifes en perfectes condicions per a que llueixin com noves[\/vc_column_text][\/vc_column_inner][\/vc_row_inner][\/vc_column][\/vc_row][vc_row][vc_column width=&#8221;1\/4&#8243;][\/vc_column][vc_column width=&#8221;1\/4&#8243;][\/vc_column][vc_column width=&#8221;1\/4&#8243;][\/vc_column][vc_column width=&#8221;1\/4&#8243;][\/vc_column][\/vc_row][vc_row css_animation=&#8221;none&#8221; css=&#8221;.vc_custom_1583498954704{background-color: #ffffff !important;}&#8221;][vc_column][vc_empty_space][vc_column_text el_class=&#8221;description align-center&#8221;]Un sistema artesanal i exclusiu, amb la garantia de m\u00e9s de 45 anys d&#8217;experi\u00e8ncia[\/vc_column_text][vc_row_inner el_class=&#8221;iconos_home&#8221;][vc_column_inner width=&#8221;1\/4&#8243;][\/vc_column_inner][vc_column_inner width=&#8221;1\/2&#8243;][vc_single_image image=&#8221;1429&#8243; img_size=&#8221;medium-square-thumb&#8221; alignment=&#8221;center&#8221; style=&#8221;vc_box_outline_circle_2&#8243; border_color=&#8221;white&#8221;][\/vc_column_inner][vc_column_inner width=&#8221;1\/4&#8243;][\/vc_column_inner][\/vc_row_inner][vc_empty_space][\/vc_column][\/vc_row][vc_row el_class=&#8221;align-center margin-top-65<\/p>\n","protected":false},"author":1,"featured_media":0,"parent":0,"menu_order":0,"comment_status":"closed","ping_status":"closed","template":"template-home.php","meta":{"_joinchat":[],"footnotes":""},"class_list":["post-1789","page","type-page","status-publish","hentry"],"_links":{"self":[{"href":"https:\/\/klinet.es\/ca\/wp-json\/wp\/v2\/pages\/1789"}],"collection":[{"href":"https:\/\/klinet.es\/ca\/wp-json\/wp\/v2\/pages"}],"about":[{"href":"https:\/\/klinet.es\/ca\/wp-json\/wp\/v2\/types\/page"}],"author":[{"embeddable":true,"href":"https:\/\/klinet.es\/ca\/wp-json\/wp\/v2\/users\/1"}],"replies":[{"embeddable":true,"href":"https:\/\/klinet.es\/ca\/wp-json\/wp\/v2\/comments?post=1789"}],"version-history":[{"count":3,"href":"https:\/\/klinet.es\/ca\/wp-json\/wp\/v2\/pages\/1789\/revisions"}],"predecessor-version":[{"id":1793,"href":"https:\/\/klinet.es\/ca\/wp-json\/wp\/v2\/pages\/1789\/revisions\/1793"}],"wp:attachment":[{"href":"https:\/\/klinet.es\/ca\/wp-json\/wp\/v2\/media?parent=1789"}],"curies":[{"name":"wp","href":"https:\/\/api.w.org\/{rel}","templated":true}]}}